{"id":32,"date":"2024-04-15T19:44:15","date_gmt":"2024-04-15T19:44:15","guid":{"rendered":"https:\/\/showgetten.de\/?page_id=32"},"modified":"2025-06-11T19:05:31","modified_gmt":"2025-06-11T19:05:31","slug":"startseite","status":"publish","type":"page","link":"https:\/\/showgetten.de\/","title":{"rendered":"Startseite"},"content":{"rendered":"\n<div class=\"wp-block-cover alignfull\" style=\"min-height:594px;aspect-ratio:unset;\"><img loading=\"lazy\" decoding=\"async\" width=\"2560\" height=\"1920\" class=\"wp-block-cover__image-background wp-image-140\" alt=\"\" src=\"https:\/\/showgetten.de\/wp-content\/uploads\/2024\/11\/showgetten_1-1-scaled.jpeg\" data-object-fit=\"cover\" srcset=\"https:\/\/showgetten.de\/wp-content\/uploads\/2024\/11\/showgetten_1-1-scaled.jpeg 2560w, https:\/\/showgetten.de\/wp-content\/uploads\/2024\/11\/showgetten_1-1-300x225.jpeg 300w, https:\/\/showgetten.de\/wp-content\/uploads\/2024\/11\/showgetten_1-1-1024x768.jpeg 1024w, https:\/\/showgetten.de\/wp-content\/uploads\/2024\/11\/showgetten_1-1-768x576.jpeg 768w, https:\/\/showgetten.de\/wp-content\/uploads\/2024\/11\/showgetten_1-1-1536x1152.jpeg 1536w, https:\/\/showgetten.de\/wp-content\/uploads\/2024\/11\/showgetten_1-1-2048x1536.jpeg 2048w\" sizes=\"auto, (max-width: 2560px) 100vw, 2560px\" \/><span aria-hidden=\"true\" class=\"wp-block-cover__background has-background-dim-0 has-background-dim\" style=\"background-color:#869558\"><\/span><div class=\"wp-block-cover__inner-container is-layout-flow wp-block-cover-is-layout-flow\">\n<h1 class=\"wp-block-heading has-text-align-center has-text-color\" style=\"color:#121212\"><mark style=\"background-color:rgba(0, 0, 0, 0)\" class=\"has-inline-color has-nv-site-bg-color\">Yeah, da sind wir!<\/mark><\/h1>\n\n\n\n<div style=\"height:80px\" aria-hidden=\"true\" class=\"wp-block-spacer\"><\/div>\n\n\n\n<div class=\"wp-block-buttons is-content-justification-center is-layout-flex wp-container-core-buttons-is-layout-16018d1d wp-block-buttons-is-layout-flex\">\n<div class=\"wp-block-button is-style-primary\"><a class=\"wp-block-button__link wp-element-button\" href=\"https:\/\/showgetten.de\/?page_id=33\">Termine<\/a><\/div>\n<\/div>\n\n\n\n<div style=\"height:80px\" aria-hidden=\"true\" class=\"wp-block-spacer\"><\/div>\n\n\n\n<div style=\"height:80px\" aria-hidden=\"true\" class=\"wp-block-spacer\"><\/div>\n\n\n\n<p><\/p>\n<\/div><\/div>\n\n\n\n<div style=\"height:30px\" aria-hidden=\"true\" class=\"wp-block-spacer\"><\/div>\n\n\n\n<figure class=\"wp-block-image size-large is-resized\"><img loading=\"lazy\" decoding=\"async\" width=\"1024\" height=\"443\" src=\"https:\/\/showgetten.de\/wp-content\/uploads\/2023\/11\/Showgetten_sw-1024x443.png\" alt=\"\" class=\"wp-image-9\" style=\"width:402px;height:auto\" srcset=\"https:\/\/showgetten.de\/wp-content\/uploads\/2023\/11\/Showgetten_sw-1024x443.png 1024w, https:\/\/showgetten.de\/wp-content\/uploads\/2023\/11\/Showgetten_sw-300x130.png 300w, https:\/\/showgetten.de\/wp-content\/uploads\/2023\/11\/Showgetten_sw-768x332.png 768w, https:\/\/showgetten.de\/wp-content\/uploads\/2023\/11\/Showgetten_sw-1536x664.png 1536w, https:\/\/showgetten.de\/wp-content\/uploads\/2023\/11\/Showgetten_sw-2048x886.png 2048w\" sizes=\"auto, (max-width: 1024px) 100vw, 1024px\" \/><\/figure>\n\n\n\n<div style=\"height:100px\" aria-hidden=\"true\" class=\"wp-block-spacer\"><\/div>\n\n\n\n<div style=\"height:37px\" aria-hidden=\"true\" class=\"wp-block-spacer\"><\/div>\n\n\n\n<div class=\"wp-block-cover alignfull is-light\" style=\"min-height:600px;aspect-ratio:unset;\"><span aria-hidden=\"true\" class=\"wp-block-cover__background has-nv-light-bg-background-color has-background-dim-100 has-background-dim\"><\/span><div class=\"wp-block-cover__inner-container is-layout-flow wp-block-cover-is-layout-flow\">\n<div class=\"wp-block-group\"><div class=\"wp-block-group__inner-container is-layout-flow wp-block-group-is-layout-flow\">\n<div class=\"wp-block-columns are-vertically-aligned-center is-layout-flex wp-container-core-columns-is-layout-9d6595d7 wp-block-columns-is-layout-flex\">\n<div class=\"wp-block-column is-vertically-aligned-center is-layout-flow wp-block-column-is-layout-flow\" style=\"flex-basis:50%\">\n<h2 class=\"wp-block-heading has-text-align-left has-neve-text-color-color has-text-color\"><br>Wir machen Musik<\/h2>\n\n\n\n<p class=\"has-text-align-left has-neve-text-color-color has-text-color\" style=\"font-size:17px\">Sie machen Musik, sind laut, tr\u00e4umen vom Fr\u00fchling, haben den Durchblick und singen von Kummer und Liebe.<\/p>\n\n\n\n<p class=\"has-text-align-left has-neve-text-color-color has-text-color\" style=\"font-size:17px\">Als FLINTA Chor begr\u00fc\u00dfen die Showgetten alle, die sich als weiblich, lesbisch, inter, non-bin\u00e4r, trans oder agender identifizieren. Aber auch mit heterosexuellen Verb\u00fcndeten singen sie gerne.&nbsp;<\/p>\n\n\n\n<p>Kraftvoll provokant inszenieren sie Originaltexte sowie ma\u00df-geschneiderte Texte: ironisch, unterhaltsam, ber\u00fchrend und bewegt. Sie eint die Liebe zum sch\u00f6nen wie schr\u00e4gen Klang. Ein besonderes Anliegen sind den Showgetten politische, feministische Themen, kombiniert mit choreografischen Elementen. Manchmal muss es laut sein und im Chor: F\u00fcr das, was wirklich z\u00e4hlt. F\u00fcr Vielfalt. F\u00fcr Demokratie. F\u00fcr Toleranz. F\u00fcr Menschlichkeit. F\u00fcr uns alle.<\/p>\n\n\n\n<p>Geleitet werden sie von der wunderbaren Tabea Soumagn\u00e9.<\/p>\n\n\n\n<p>Lasst euch von der Vielfalt und von inspirierenden Botschaften begeistern!<\/p>\n\n\n\n<p><strong>Showgetten \u2013 der FLINTA-Chor aus M\u00fcnster in Westfalen<\/strong><\/p>\n\n\n\n<div class=\"wp-block-buttons is-content-justification-left is-layout-flex wp-container-core-buttons-is-layout-fdcfc74e wp-block-buttons-is-layout-flex\"><\/div>\n<\/div>\n<\/div>\n<\/div><\/div>\n<\/div><\/div>\n\n\n\n<div class=\"wp-block-cover alignfull is-light\" style=\"min-height:381px;aspect-ratio:unset;\"><span aria-hidden=\"true\" class=\"wp-block-cover__background has-nv-site-bg-background-color has-background-dim-100 has-background-dim\"><\/span><div class=\"wp-block-cover__inner-container is-layout-flow wp-block-cover-is-layout-flow\">\n<div class=\"wp-block-group\"><div class=\"wp-block-group__inner-container is-layout-flow wp-block-group-is-layout-flow\"><\/div><\/div>\n\n\n\n<figure class=\"wp-block-image size-large\"><img loading=\"lazy\" decoding=\"async\" width=\"1024\" height=\"768\" src=\"https:\/\/showgetten.de\/wp-content\/uploads\/2024\/11\/showgetten_2-1-1024x768.jpeg\" alt=\"\" class=\"wp-image-143\" srcset=\"https:\/\/showgetten.de\/wp-content\/uploads\/2024\/11\/showgetten_2-1-1024x768.jpeg 1024w, https:\/\/showgetten.de\/wp-content\/uploads\/2024\/11\/showgetten_2-1-300x225.jpeg 300w, https:\/\/showgetten.de\/wp-content\/uploads\/2024\/11\/showgetten_2-1-768x576.jpeg 768w, https:\/\/showgetten.de\/wp-content\/uploads\/2024\/11\/showgetten_2-1-1536x1152.jpeg 1536w, https:\/\/showgetten.de\/wp-content\/uploads\/2024\/11\/showgetten_2-1-2048x1536.jpeg 2048w\" sizes=\"auto, (max-width: 1024px) 100vw, 1024px\" \/><\/figure>\n<\/div><\/div>\n\n\n\n<p><strong>kontakt@showgetten.de<\/strong><\/p>\n","protected":false},"excerpt":{"rendered":"<p>kontakt@showgetten.de<\/p>\n","protected":false},"author":1,"featured_media":0,"parent":0,"menu_order":0,"comment_status":"closed","ping_status":"closed","template":"","meta":{"neve_meta_sidebar":"","neve_meta_container":"","neve_meta_enable_content_width":"on","neve_meta_content_width":100,"neve_meta_title_alignment":"","neve_meta_author_avatar":"","neve_post_elements_order":"","neve_meta_disable_header":"","neve_meta_disable_footer":"","neve_meta_disable_title":"on","footnotes":""},"class_list":["post-32","page","type-page","status-publish","hentry"],"yoast_head":"<!-- This site is optimized with the Yoast SEO plugin v27.4 - https:\/\/yoast.com\/product\/yoast-seo-wordpress\/ -->\n<title>Startseite - Showgetten<\/title>\n<meta name=\"description\" content=\"Wir machen Musik, sind laut, lieben hei\u00dfe Schokolade und Ausfl\u00fcge in flaschengr\u00fcne tiefe Seen. Der FrauenLesbenChor Showgetten aus M\u00fcnster\" \/>\n<meta name=\"robots\" content=\"index, follow, max-snippet:-1, max-image-preview:large, max-video-preview:-1\" \/>\n<link rel=\"canonical\" href=\"https:\/\/showgetten.de\/\" \/>\n<meta property=\"og:locale\" content=\"de_DE\" \/>\n<meta property=\"og:type\" content=\"article\" \/>\n<meta property=\"og:title\" content=\"Startseite - Showgetten\" \/>\n<meta property=\"og:description\" content=\"Wir machen Musik, sind laut, lieben hei\u00dfe Schokolade und Ausfl\u00fcge in flaschengr\u00fcne tiefe Seen. Der FrauenLesbenChor Showgetten aus M\u00fcnster\" \/>\n<meta property=\"og:url\" content=\"https:\/\/showgetten.de\/\" \/>\n<meta property=\"og:site_name\" content=\"Showgetten\" \/>\n<meta property=\"article:modified_time\" content=\"2025-06-11T19:05:31+00:00\" \/>\n<meta property=\"og:image\" content=\"https:\/\/showgetten.de\/wp-content\/uploads\/2024\/11\/showgetten_1-1-scaled.jpeg\" \/>\n\t<meta property=\"og:image:width\" content=\"2560\" \/>\n\t<meta property=\"og:image:height\" content=\"1920\" \/>\n\t<meta property=\"og:image:type\" content=\"image\/jpeg\" \/>\n<meta name=\"twitter:card\" content=\"summary_large_image\" \/>\n<meta name=\"twitter:label1\" content=\"Gesch\u00e4tzte Lesezeit\" \/>\n\t<meta name=\"twitter:data1\" content=\"2\u00a0Minuten\" \/>\n<script type=\"application\/ld+json\" class=\"yoast-schema-graph\">{\"@context\":\"https:\\\/\\\/schema.org\",\"@graph\":[{\"@type\":\"WebPage\",\"@id\":\"https:\\\/\\\/showgetten.de\\\/\",\"url\":\"https:\\\/\\\/showgetten.de\\\/\",\"name\":\"Startseite - Showgetten\",\"isPartOf\":{\"@id\":\"https:\\\/\\\/showgetten.de\\\/#website\"},\"primaryImageOfPage\":{\"@id\":\"https:\\\/\\\/showgetten.de\\\/#primaryimage\"},\"image\":{\"@id\":\"https:\\\/\\\/showgetten.de\\\/#primaryimage\"},\"thumbnailUrl\":\"https:\\\/\\\/showgetten.de\\\/wp-content\\\/uploads\\\/2024\\\/11\\\/showgetten_1-1-scaled.jpeg\",\"datePublished\":\"2024-04-15T19:44:15+00:00\",\"dateModified\":\"2025-06-11T19:05:31+00:00\",\"description\":\"Wir machen Musik, sind laut, lieben hei\u00dfe Schokolade und Ausfl\u00fcge in flaschengr\u00fcne tiefe Seen. Der FrauenLesbenChor Showgetten aus M\u00fcnster\",\"breadcrumb\":{\"@id\":\"https:\\\/\\\/showgetten.de\\\/#breadcrumb\"},\"inLanguage\":\"de\",\"potentialAction\":[{\"@type\":\"ReadAction\",\"target\":[\"https:\\\/\\\/showgetten.de\\\/\"]}]},{\"@type\":\"ImageObject\",\"inLanguage\":\"de\",\"@id\":\"https:\\\/\\\/showgetten.de\\\/#primaryimage\",\"url\":\"https:\\\/\\\/showgetten.de\\\/wp-content\\\/uploads\\\/2024\\\/11\\\/showgetten_1-1-scaled.jpeg\",\"contentUrl\":\"https:\\\/\\\/showgetten.de\\\/wp-content\\\/uploads\\\/2024\\\/11\\\/showgetten_1-1-scaled.jpeg\",\"width\":2560,\"height\":1920},{\"@type\":\"BreadcrumbList\",\"@id\":\"https:\\\/\\\/showgetten.de\\\/#breadcrumb\",\"itemListElement\":[{\"@type\":\"ListItem\",\"position\":1,\"name\":\"Startseite\",\"item\":\"https:\\\/\\\/showgetten.de\\\/\"},{\"@type\":\"ListItem\",\"position\":2,\"name\":\"Startseite\"}]},{\"@type\":\"WebSite\",\"@id\":\"https:\\\/\\\/showgetten.de\\\/#website\",\"url\":\"https:\\\/\\\/showgetten.de\\\/\",\"name\":\"Showgetten\",\"description\":\"FLINTA Chor\",\"publisher\":{\"@id\":\"https:\\\/\\\/showgetten.de\\\/#organization\"},\"potentialAction\":[{\"@type\":\"SearchAction\",\"target\":{\"@type\":\"EntryPoint\",\"urlTemplate\":\"https:\\\/\\\/showgetten.de\\\/?s={search_term_string}\"},\"query-input\":{\"@type\":\"PropertyValueSpecification\",\"valueRequired\":true,\"valueName\":\"search_term_string\"}}],\"inLanguage\":\"de\"},{\"@type\":\"Organization\",\"@id\":\"https:\\\/\\\/showgetten.de\\\/#organization\",\"name\":\"Showgetten\",\"url\":\"https:\\\/\\\/showgetten.de\\\/\",\"logo\":{\"@type\":\"ImageObject\",\"inLanguage\":\"de\",\"@id\":\"https:\\\/\\\/showgetten.de\\\/#\\\/schema\\\/logo\\\/image\\\/\",\"url\":\"\",\"contentUrl\":\"\",\"caption\":\"Showgetten\"},\"image\":{\"@id\":\"https:\\\/\\\/showgetten.de\\\/#\\\/schema\\\/logo\\\/image\\\/\"}}]}<\/script>\n<!-- \/ Yoast SEO plugin. -->","yoast_head_json":{"title":"Startseite - Showgetten","description":"Wir machen Musik, sind laut, lieben hei\u00dfe Schokolade und Ausfl\u00fcge in flaschengr\u00fcne tiefe Seen. Der FrauenLesbenChor Showgetten aus M\u00fcnster","robots":{"index":"index","follow":"follow","max-snippet":"max-snippet:-1","max-image-preview":"max-image-preview:large","max-video-preview":"max-video-preview:-1"},"canonical":"https:\/\/showgetten.de\/","og_locale":"de_DE","og_type":"article","og_title":"Startseite - Showgetten","og_description":"Wir machen Musik, sind laut, lieben hei\u00dfe Schokolade und Ausfl\u00fcge in flaschengr\u00fcne tiefe Seen. Der FrauenLesbenChor Showgetten aus M\u00fcnster","og_url":"https:\/\/showgetten.de\/","og_site_name":"Showgetten","article_modified_time":"2025-06-11T19:05:31+00:00","og_image":[{"width":2560,"height":1920,"url":"https:\/\/showgetten.de\/wp-content\/uploads\/2024\/11\/showgetten_1-1-scaled.jpeg","type":"image\/jpeg"}],"twitter_card":"summary_large_image","twitter_misc":{"Gesch\u00e4tzte Lesezeit":"2\u00a0Minuten"},"schema":{"@context":"https:\/\/schema.org","@graph":[{"@type":"WebPage","@id":"https:\/\/showgetten.de\/","url":"https:\/\/showgetten.de\/","name":"Startseite - Showgetten","isPartOf":{"@id":"https:\/\/showgetten.de\/#website"},"primaryImageOfPage":{"@id":"https:\/\/showgetten.de\/#primaryimage"},"image":{"@id":"https:\/\/showgetten.de\/#primaryimage"},"thumbnailUrl":"https:\/\/showgetten.de\/wp-content\/uploads\/2024\/11\/showgetten_1-1-scaled.jpeg","datePublished":"2024-04-15T19:44:15+00:00","dateModified":"2025-06-11T19:05:31+00:00","description":"Wir machen Musik, sind laut, lieben hei\u00dfe Schokolade und Ausfl\u00fcge in flaschengr\u00fcne tiefe Seen. Der FrauenLesbenChor Showgetten aus M\u00fcnster","breadcrumb":{"@id":"https:\/\/showgetten.de\/#breadcrumb"},"inLanguage":"de","potentialAction":[{"@type":"ReadAction","target":["https:\/\/showgetten.de\/"]}]},{"@type":"ImageObject","inLanguage":"de","@id":"https:\/\/showgetten.de\/#primaryimage","url":"https:\/\/showgetten.de\/wp-content\/uploads\/2024\/11\/showgetten_1-1-scaled.jpeg","contentUrl":"https:\/\/showgetten.de\/wp-content\/uploads\/2024\/11\/showgetten_1-1-scaled.jpeg","width":2560,"height":1920},{"@type":"BreadcrumbList","@id":"https:\/\/showgetten.de\/#breadcrumb","itemListElement":[{"@type":"ListItem","position":1,"name":"Startseite","item":"https:\/\/showgetten.de\/"},{"@type":"ListItem","position":2,"name":"Startseite"}]},{"@type":"WebSite","@id":"https:\/\/showgetten.de\/#website","url":"https:\/\/showgetten.de\/","name":"Showgetten","description":"FLINTA Chor","publisher":{"@id":"https:\/\/showgetten.de\/#organization"},"potentialAction":[{"@type":"SearchAction","target":{"@type":"EntryPoint","urlTemplate":"https:\/\/showgetten.de\/?s={search_term_string}"},"query-input":{"@type":"PropertyValueSpecification","valueRequired":true,"valueName":"search_term_string"}}],"inLanguage":"de"},{"@type":"Organization","@id":"https:\/\/showgetten.de\/#organization","name":"Showgetten","url":"https:\/\/showgetten.de\/","logo":{"@type":"ImageObject","inLanguage":"de","@id":"https:\/\/showgetten.de\/#\/schema\/logo\/image\/","url":"","contentUrl":"","caption":"Showgetten"},"image":{"@id":"https:\/\/showgetten.de\/#\/schema\/logo\/image\/"}}]}},"_links":{"self":[{"href":"https:\/\/showgetten.de\/index.php?rest_route=\/wp\/v2\/pages\/32","targetHints":{"allow":["GET"]}}],"collection":[{"href":"https:\/\/showgetten.de\/index.php?rest_route=\/wp\/v2\/pages"}],"about":[{"href":"https:\/\/showgetten.de\/index.php?rest_route=\/wp\/v2\/types\/page"}],"author":[{"embeddable":true,"href":"https:\/\/showgetten.de\/index.php?rest_route=\/wp\/v2\/users\/1"}],"replies":[{"embeddable":true,"href":"https:\/\/showgetten.de\/index.php?rest_route=%2Fwp%2Fv2%2Fcomments&post=32"}],"version-history":[{"count":32,"href":"https:\/\/showgetten.de\/index.php?rest_route=\/wp\/v2\/pages\/32\/revisions"}],"predecessor-version":[{"id":165,"href":"https:\/\/showgetten.de\/index.php?rest_route=\/wp\/v2\/pages\/32\/revisions\/165"}],"wp:attachment":[{"href":"https:\/\/showgetten.de\/index.php?rest_route=%2Fwp%2Fv2%2Fmedia&parent=32"}],"curies":[{"name":"wp","href":"https:\/\/api.w.org\/{rel}","templated":true}]}}