{"id":33,"date":"2024-04-15T19:44:15","date_gmt":"2024-04-15T19:44:15","guid":{"rendered":"https:\/\/showgetten.de\/?page_id=33"},"modified":"2025-11-01T19:42:47","modified_gmt":"2025-11-01T19:42:47","slug":"termine","status":"publish","type":"page","link":"https:\/\/showgetten.de\/?page_id=33","title":{"rendered":"Termine"},"content":{"rendered":"\n<div class=\"wp-block-cover alignfull is-light\" style=\"min-height:136px;aspect-ratio:unset;\"><span aria-hidden=\"true\" class=\"wp-block-cover__background has-nv-site-bg-background-color has-background-dim-100 has-background-dim\"><\/span><div class=\"wp-block-cover__inner-container is-layout-flow wp-block-cover-is-layout-flow\">\n<div class=\"wp-block-group\"><div class=\"wp-block-group__inner-container is-layout-flow wp-block-group-is-layout-flow\">\n<h2 class=\"wp-block-heading has-text-align-left has-neve-text-color-color has-text-color\">Termine<\/h2>\n<\/div><\/div>\n<\/div><\/div>\n\n\n\n<div class=\"wp-block-cover alignfull is-light\" style=\"min-height:600px;aspect-ratio:unset;\"><span aria-hidden=\"true\" class=\"wp-block-cover__background has-nv-light-bg-background-color has-background-dim-100 has-background-dim\"><\/span><div class=\"wp-block-cover__inner-container is-layout-flow wp-block-cover-is-layout-flow\">\n<div class=\"wp-block-group\"><div class=\"wp-block-group__inner-container is-layout-flow wp-block-group-is-layout-flow\">\n<div class=\"wp-block-columns are-vertically-aligned-center is-layout-flex wp-container-core-columns-is-layout-9d6595d7 wp-block-columns-is-layout-flex\">\n<div class=\"wp-block-column is-vertically-aligned-center is-layout-flow wp-block-column-is-layout-flow\" style=\"flex-basis:50%\">\n<figure class=\"wp-block-image size-large is-resized\"><img loading=\"lazy\" decoding=\"async\" width=\"1024\" height=\"683\" src=\"https:\/\/showgetten.de\/wp-content\/uploads\/2025\/11\/2025-06_VS_Nordakkord_fmf-345-1024x683.jpg\" alt=\"\" class=\"wp-image-176\" style=\"width:556px;height:auto\" srcset=\"https:\/\/showgetten.de\/wp-content\/uploads\/2025\/11\/2025-06_VS_Nordakkord_fmf-345-1024x683.jpg 1024w, https:\/\/showgetten.de\/wp-content\/uploads\/2025\/11\/2025-06_VS_Nordakkord_fmf-345-300x200.jpg 300w, https:\/\/showgetten.de\/wp-content\/uploads\/2025\/11\/2025-06_VS_Nordakkord_fmf-345-768x512.jpg 768w, https:\/\/showgetten.de\/wp-content\/uploads\/2025\/11\/2025-06_VS_Nordakkord_fmf-345-1536x1024.jpg 1536w, https:\/\/showgetten.de\/wp-content\/uploads\/2025\/11\/2025-06_VS_Nordakkord_fmf-345-2048x1366.jpg 2048w, https:\/\/showgetten.de\/wp-content\/uploads\/2025\/11\/2025-06_VS_Nordakkord_fmf-345-930x620.jpg 930w\" sizes=\"auto, (max-width: 1024px) 100vw, 1024px\" \/><\/figure>\n<\/div>\n\n\n\n<div class=\"wp-block-column is-vertically-aligned-center is-layout-flow wp-block-column-is-layout-flow\" style=\"flex-basis:50%\">\n<h3 class=\"wp-block-heading has-neve-text-color-color has-text-color\">Er\u00f6ffnung Queerstreifen 2025<br>06.11.2025, 18:30 Uhr<br>Cinema, M\u00fcnster<\/h3>\n\n\n\n<p>Wir freuen uns sehr an diesem Abend f\u00fcr euch zu singen! <\/p>\n\n\n\n<p>Ganz herzlichen Dank f\u00fcr die Einladung dieses besondere Film-Festival zu er\u00f6ffnen! Filme und Lesungen in queerem Kontext. Schaut mal ins Programm, es lohnt sich <a href=\"https:\/\/queerstreifen.de\/\" target=\"_blank\" rel=\"noreferrer noopener\">\u00bbWebsite Queerstreifen<\/a><\/p>\n\n\n\n<p>F\u00fcr die Er\u00f6ffnung ben\u00f6tigt ihr eine Eintrittskarte, die ihr kostenlos an der Kasse des Cinema bekommt. Wir freuen uns auf euch!<\/p>\n<\/div>\n<\/div>\n\n\n\n<div style=\"height:40px\" aria-hidden=\"true\" class=\"wp-block-spacer\"><\/div>\n<\/div><\/div>\n<\/div><\/div>\n\n\n\n<p><\/p>\n\n\n\n<h3 class=\"wp-block-heading\"><strong>Nordakkord <\/strong>\u2013 das queere Chorfestival des Nordens<\/h3>\n\n\n\n<div class=\"wp-block-columns is-layout-flex wp-container-core-columns-is-layout-9d6595d7 wp-block-columns-is-layout-flex\">\n<div class=\"wp-block-column is-layout-flow wp-block-column-is-layout-flow\">\n<figure class=\"wp-block-image size-full is-resized\"><img loading=\"lazy\" decoding=\"async\" width=\"853\" height=\"853\" src=\"https:\/\/showgetten.de\/wp-content\/uploads\/2025\/05\/WhatsApp_profil.jpeg\" alt=\"\" class=\"wp-image-160\" style=\"width:229px;height:auto\" srcset=\"https:\/\/showgetten.de\/wp-content\/uploads\/2025\/05\/WhatsApp_profil.jpeg 853w, https:\/\/showgetten.de\/wp-content\/uploads\/2025\/05\/WhatsApp_profil-300x300.jpeg 300w, https:\/\/showgetten.de\/wp-content\/uploads\/2025\/05\/WhatsApp_profil-150x150.jpeg 150w, https:\/\/showgetten.de\/wp-content\/uploads\/2025\/05\/WhatsApp_profil-768x768.jpeg 768w\" sizes=\"auto, (max-width: 853px) 100vw, 853px\" \/><\/figure>\n<\/div>\n\n\n\n<div class=\"wp-block-column is-layout-flow wp-block-column-is-layout-flow\">\n<p>19 queere Ch\u00f6re haben wir an 3 Konzertabenden das gro\u00dfe Haus des Theaters M\u00fcnster gerockt. <br>Gemeinsam feierten wir Vielfalt und Kreativit\u00e4t der queeren Community.<br>Es hat gro\u00dfen Spa\u00df gemacht und war ein wunderbares Gef\u00fchl von Gemeinschaft.<\/p>\n\n\n\n<p><a href=\"https:\/\/showgetten.de\/?page_id=191\">\u00bbzur Galerie Auftritt Nordakkord<\/a><\/p>\n<\/div>\n<\/div>\n\n\n\n<div class=\"wp-block-cover alignfull is-light wp-duotone-blue-red\" style=\"min-height:600px;aspect-ratio:unset;\"><span aria-hidden=\"true\" class=\"wp-block-cover__background has-nv-light-bg-background-color has-background-dim-100 has-background-dim\"><\/span><div class=\"wp-block-cover__inner-container is-layout-flow wp-block-cover-is-layout-flow\">\n<div class=\"wp-block-cover alignfull is-light\" style=\"min-height:600px;aspect-ratio:unset;\"><span aria-hidden=\"true\" class=\"wp-block-cover__background has-nv-light-bg-background-color has-background-dim-100 has-background-dim\"><\/span><div class=\"wp-block-cover__inner-container is-layout-flow wp-block-cover-is-layout-flow\">\n<div class=\"wp-block-group\"><div class=\"wp-block-group__inner-container is-layout-flow wp-block-group-is-layout-flow\">\n<div class=\"wp-block-columns are-vertically-aligned-center is-layout-flex wp-container-core-columns-is-layout-9d6595d7 wp-block-columns-is-layout-flex\">\n<div class=\"wp-block-column is-vertically-aligned-center is-layout-flow wp-block-column-is-layout-flow\" style=\"flex-basis:50%\">\n<figure class=\"wp-block-image size-large is-resized\"><img loading=\"lazy\" decoding=\"async\" width=\"1024\" height=\"768\" src=\"https:\/\/showgetten.de\/wp-content\/uploads\/2025\/11\/Showgetten_Friedenskapelle-1024x768.jpg\" alt=\"\" class=\"wp-image-187\" style=\"width:556px;height:auto\" srcset=\"https:\/\/showgetten.de\/wp-content\/uploads\/2025\/11\/Showgetten_Friedenskapelle-1024x768.jpg 1024w, https:\/\/showgetten.de\/wp-content\/uploads\/2025\/11\/Showgetten_Friedenskapelle-300x225.jpg 300w, https:\/\/showgetten.de\/wp-content\/uploads\/2025\/11\/Showgetten_Friedenskapelle-768x576.jpg 768w, https:\/\/showgetten.de\/wp-content\/uploads\/2025\/11\/Showgetten_Friedenskapelle-1536x1152.jpg 1536w, https:\/\/showgetten.de\/wp-content\/uploads\/2025\/11\/Showgetten_Friedenskapelle-2048x1536.jpg 2048w\" sizes=\"auto, (max-width: 1024px) 100vw, 1024px\" \/><\/figure>\n<\/div>\n\n\n\n<div class=\"wp-block-column is-vertically-aligned-center is-layout-flow wp-block-column-is-layout-flow\" style=\"flex-basis:50%\">\n<h3 class=\"wp-block-heading has-neve-text-color-color has-text-color\">Das war toll! Wir hatten ein wunderbares Konzert und ein phantastisches Publikum!<br>16.11.2024, 19:30 Uhr<br>Friedenskapelle, M\u00fcnster<\/h3>\n\n\n\n<p>Als Gastchor zusammen mit Three Of A Kind bei der Premiere des neuen Programms von Homophon. Vielen Dank f\u00fcr die Einladung!<\/p>\n\n\n\n<p><\/p>\n\n\n\n<p><\/p>\n<\/div>\n<\/div>\n\n\n\n<hr class=\"wp-block-separator has-alpha-channel-opacity is-style-dots\"\/>\n<\/div><\/div>\n<\/div><\/div>\n\n\n\n<div class=\"wp-block-group\"><div class=\"wp-block-group__inner-container is-layout-flow wp-block-group-is-layout-flow\">\n<div class=\"wp-block-columns are-vertically-aligned-center is-layout-flex wp-container-core-columns-is-layout-9d6595d7 wp-block-columns-is-layout-flex\">\n<div class=\"wp-block-column is-vertically-aligned-center is-layout-flow wp-block-column-is-layout-flow\" style=\"flex-basis:50%\">\n<figure class=\"wp-block-image size-large is-resized\"><img loading=\"lazy\" decoding=\"async\" width=\"723\" height=\"1024\" src=\"https:\/\/showgetten.de\/wp-content\/uploads\/2024\/04\/image0-723x1024.jpeg\" alt=\"\" class=\"wp-image-72\" style=\"width:488px;height:auto\" srcset=\"https:\/\/showgetten.de\/wp-content\/uploads\/2024\/04\/image0-723x1024.jpeg 723w, https:\/\/showgetten.de\/wp-content\/uploads\/2024\/04\/image0-212x300.jpeg 212w, https:\/\/showgetten.de\/wp-content\/uploads\/2024\/04\/image0-768x1088.jpeg 768w, https:\/\/showgetten.de\/wp-content\/uploads\/2024\/04\/image0-1085x1536.jpeg 1085w, https:\/\/showgetten.de\/wp-content\/uploads\/2024\/04\/image0.jpeg 1218w\" sizes=\"auto, (max-width: 723px) 100vw, 723px\" \/><\/figure>\n<\/div>\n\n\n\n<div class=\"wp-block-column is-vertically-aligned-center is-layout-flow wp-block-column-is-layout-flow\" style=\"flex-basis:50%\">\n<h3 class=\"wp-block-heading has-neve-text-color-color has-text-color\">Das war sch\u00f6n!<br>Herzlichen Dank an die Taktlosen<\/h3>\n\n\n\n<p><\/p>\n\n\n\n<p>What happens, wenn zwei FrauenLesbenCh\u00f6re ihre Stimmen und Kreativit\u00e4t b\u00fcndeln? Es entsteht ein gemeinsames Konzert, bei dem gesungen wird, was uns gef\u00e4llt \u2013 von \u201eWir machen Musik&#8220; bis \u201eWenn du tanzt\u201c. Mit dabei sind \u00dcberraschungen durch selbstverfasste oder umgedichtete Liedtexte und geplante oder spontane choreografische Einlagen. Ob Frauenbewegung, das Alter, gro\u00dfe Tr\u00e4ume, Berufswahl K\u00f6nigin oder die T\u00fccken von Liebe und Sex \u2013 die Showgetten und auch die Taktlosen lassen kein Thema aus! Abschlie\u00dfend Afterglow mit Schl\u00fcxken Sekt und meet-and-great.<\/p>\n\n\n\n<p><\/p>\n<\/div>\n<\/div>\n\n\n\n<div style=\"height:40px\" aria-hidden=\"true\" class=\"wp-block-spacer\"><\/div>\n<\/div><\/div>\n<\/div><\/div>\n","protected":false},"excerpt":{"rendered":"<p>Nordakkord \u2013 das queere Chorfestival des Nordens 19 queere Ch\u00f6re haben wir an 3 Konzertabenden das gro\u00dfe Haus des Theaters M\u00fcnster gerockt. Gemeinsam feierten wir Vielfalt und Kreativit\u00e4t der queeren Community.Es hat gro\u00dfen Spa\u00df gemacht und war ein wunderbares Gef\u00fchl von Gemeinschaft. \u00bbzur Galerie Auftritt Nordakkord<\/p>\n","protected":false},"author":1,"featured_media":0,"parent":0,"menu_order":0,"comment_status":"closed","ping_status":"closed","template":"","meta":{"neve_meta_sidebar":"","neve_meta_container":"","neve_meta_enable_content_width":"on","neve_meta_content_width":100,"neve_meta_title_alignment":"","neve_meta_author_avatar":"","neve_post_elements_order":"","neve_meta_disable_header":"","neve_meta_disable_footer":"","neve_meta_disable_title":"on","footnotes":""},"class_list":["post-33","page","type-page","status-publish","hentry"],"yoast_head":"<!-- This site is optimized with the Yoast SEO plugin v27.4 - https:\/\/yoast.com\/product\/yoast-seo-wordpress\/ -->\n<title>Termine - Showgetten<\/title>\n<meta name=\"robots\" content=\"index, follow, max-snippet:-1, max-image-preview:large, max-video-preview:-1\" \/>\n<link rel=\"canonical\" href=\"https:\/\/showgetten.de\/?page_id=33\" \/>\n<meta property=\"og:locale\" content=\"de_DE\" \/>\n<meta property=\"og:type\" content=\"article\" \/>\n<meta property=\"og:title\" content=\"Termine - Showgetten\" \/>\n<meta property=\"og:description\" content=\"Nordakkord \u2013 das queere Chorfestival des Nordens 19 queere Ch\u00f6re haben wir an 3 Konzertabenden das gro\u00dfe Haus des Theaters M\u00fcnster gerockt. Gemeinsam feierten wir Vielfalt und Kreativit\u00e4t der queeren Community.Es hat gro\u00dfen Spa\u00df gemacht und war ein wunderbares Gef\u00fchl von Gemeinschaft. \u00bbzur Galerie Auftritt Nordakkord\" \/>\n<meta property=\"og:url\" content=\"https:\/\/showgetten.de\/?page_id=33\" \/>\n<meta property=\"og:site_name\" content=\"Showgetten\" \/>\n<meta property=\"article:modified_time\" content=\"2025-11-01T19:42:47+00:00\" \/>\n<meta property=\"og:image\" content=\"https:\/\/showgetten.de\/wp-content\/uploads\/2025\/11\/2025-06_VS_Nordakkord_fmf-345.jpg\" \/>\n\t<meta property=\"og:image:width\" content=\"2362\" \/>\n\t<meta property=\"og:image:height\" content=\"1575\" \/>\n\t<meta property=\"og:image:type\" content=\"image\/jpeg\" \/>\n<meta name=\"twitter:card\" content=\"summary_large_image\" \/>\n<meta name=\"twitter:label1\" content=\"Gesch\u00e4tzte Lesezeit\" \/>\n\t<meta name=\"twitter:data1\" content=\"3\u00a0Minuten\" \/>\n<script type=\"application\/ld+json\" class=\"yoast-schema-graph\">{\"@context\":\"https:\\\/\\\/schema.org\",\"@graph\":[{\"@type\":\"WebPage\",\"@id\":\"https:\\\/\\\/showgetten.de\\\/?page_id=33\",\"url\":\"https:\\\/\\\/showgetten.de\\\/?page_id=33\",\"name\":\"Termine - Showgetten\",\"isPartOf\":{\"@id\":\"https:\\\/\\\/showgetten.de\\\/#website\"},\"primaryImageOfPage\":{\"@id\":\"https:\\\/\\\/showgetten.de\\\/?page_id=33#primaryimage\"},\"image\":{\"@id\":\"https:\\\/\\\/showgetten.de\\\/?page_id=33#primaryimage\"},\"thumbnailUrl\":\"https:\\\/\\\/showgetten.de\\\/wp-content\\\/uploads\\\/2025\\\/11\\\/2025-06_VS_Nordakkord_fmf-345-1024x683.jpg\",\"datePublished\":\"2024-04-15T19:44:15+00:00\",\"dateModified\":\"2025-11-01T19:42:47+00:00\",\"breadcrumb\":{\"@id\":\"https:\\\/\\\/showgetten.de\\\/?page_id=33#breadcrumb\"},\"inLanguage\":\"de\",\"potentialAction\":[{\"@type\":\"ReadAction\",\"target\":[\"https:\\\/\\\/showgetten.de\\\/?page_id=33\"]}]},{\"@type\":\"ImageObject\",\"inLanguage\":\"de\",\"@id\":\"https:\\\/\\\/showgetten.de\\\/?page_id=33#primaryimage\",\"url\":\"https:\\\/\\\/showgetten.de\\\/wp-content\\\/uploads\\\/2025\\\/11\\\/2025-06_VS_Nordakkord_fmf-345.jpg\",\"contentUrl\":\"https:\\\/\\\/showgetten.de\\\/wp-content\\\/uploads\\\/2025\\\/11\\\/2025-06_VS_Nordakkord_fmf-345.jpg\",\"width\":2362,\"height\":1575,\"caption\":\"Showgetten auf der B\u00fchne\"},{\"@type\":\"BreadcrumbList\",\"@id\":\"https:\\\/\\\/showgetten.de\\\/?page_id=33#breadcrumb\",\"itemListElement\":[{\"@type\":\"ListItem\",\"position\":1,\"name\":\"Startseite\",\"item\":\"https:\\\/\\\/showgetten.de\\\/\"},{\"@type\":\"ListItem\",\"position\":2,\"name\":\"Termine\"}]},{\"@type\":\"WebSite\",\"@id\":\"https:\\\/\\\/showgetten.de\\\/#website\",\"url\":\"https:\\\/\\\/showgetten.de\\\/\",\"name\":\"Showgetten\",\"description\":\"FLINTA Chor\",\"publisher\":{\"@id\":\"https:\\\/\\\/showgetten.de\\\/#organization\"},\"potentialAction\":[{\"@type\":\"SearchAction\",\"target\":{\"@type\":\"EntryPoint\",\"urlTemplate\":\"https:\\\/\\\/showgetten.de\\\/?s={search_term_string}\"},\"query-input\":{\"@type\":\"PropertyValueSpecification\",\"valueRequired\":true,\"valueName\":\"search_term_string\"}}],\"inLanguage\":\"de\"},{\"@type\":\"Organization\",\"@id\":\"https:\\\/\\\/showgetten.de\\\/#organization\",\"name\":\"Showgetten\",\"url\":\"https:\\\/\\\/showgetten.de\\\/\",\"logo\":{\"@type\":\"ImageObject\",\"inLanguage\":\"de\",\"@id\":\"https:\\\/\\\/showgetten.de\\\/#\\\/schema\\\/logo\\\/image\\\/\",\"url\":\"\",\"contentUrl\":\"\",\"caption\":\"Showgetten\"},\"image\":{\"@id\":\"https:\\\/\\\/showgetten.de\\\/#\\\/schema\\\/logo\\\/image\\\/\"}}]}<\/script>\n<!-- \/ Yoast SEO plugin. -->","yoast_head_json":{"title":"Termine - Showgetten","robots":{"index":"index","follow":"follow","max-snippet":"max-snippet:-1","max-image-preview":"max-image-preview:large","max-video-preview":"max-video-preview:-1"},"canonical":"https:\/\/showgetten.de\/?page_id=33","og_locale":"de_DE","og_type":"article","og_title":"Termine - Showgetten","og_description":"Nordakkord \u2013 das queere Chorfestival des Nordens 19 queere Ch\u00f6re haben wir an 3 Konzertabenden das gro\u00dfe Haus des Theaters M\u00fcnster gerockt. Gemeinsam feierten wir Vielfalt und Kreativit\u00e4t der queeren Community.Es hat gro\u00dfen Spa\u00df gemacht und war ein wunderbares Gef\u00fchl von Gemeinschaft. \u00bbzur Galerie Auftritt Nordakkord","og_url":"https:\/\/showgetten.de\/?page_id=33","og_site_name":"Showgetten","article_modified_time":"2025-11-01T19:42:47+00:00","og_image":[{"width":2362,"height":1575,"url":"https:\/\/showgetten.de\/wp-content\/uploads\/2025\/11\/2025-06_VS_Nordakkord_fmf-345.jpg","type":"image\/jpeg"}],"twitter_card":"summary_large_image","twitter_misc":{"Gesch\u00e4tzte Lesezeit":"3\u00a0Minuten"},"schema":{"@context":"https:\/\/schema.org","@graph":[{"@type":"WebPage","@id":"https:\/\/showgetten.de\/?page_id=33","url":"https:\/\/showgetten.de\/?page_id=33","name":"Termine - Showgetten","isPartOf":{"@id":"https:\/\/showgetten.de\/#website"},"primaryImageOfPage":{"@id":"https:\/\/showgetten.de\/?page_id=33#primaryimage"},"image":{"@id":"https:\/\/showgetten.de\/?page_id=33#primaryimage"},"thumbnailUrl":"https:\/\/showgetten.de\/wp-content\/uploads\/2025\/11\/2025-06_VS_Nordakkord_fmf-345-1024x683.jpg","datePublished":"2024-04-15T19:44:15+00:00","dateModified":"2025-11-01T19:42:47+00:00","breadcrumb":{"@id":"https:\/\/showgetten.de\/?page_id=33#breadcrumb"},"inLanguage":"de","potentialAction":[{"@type":"ReadAction","target":["https:\/\/showgetten.de\/?page_id=33"]}]},{"@type":"ImageObject","inLanguage":"de","@id":"https:\/\/showgetten.de\/?page_id=33#primaryimage","url":"https:\/\/showgetten.de\/wp-content\/uploads\/2025\/11\/2025-06_VS_Nordakkord_fmf-345.jpg","contentUrl":"https:\/\/showgetten.de\/wp-content\/uploads\/2025\/11\/2025-06_VS_Nordakkord_fmf-345.jpg","width":2362,"height":1575,"caption":"Showgetten auf der B\u00fchne"},{"@type":"BreadcrumbList","@id":"https:\/\/showgetten.de\/?page_id=33#breadcrumb","itemListElement":[{"@type":"ListItem","position":1,"name":"Startseite","item":"https:\/\/showgetten.de\/"},{"@type":"ListItem","position":2,"name":"Termine"}]},{"@type":"WebSite","@id":"https:\/\/showgetten.de\/#website","url":"https:\/\/showgetten.de\/","name":"Showgetten","description":"FLINTA Chor","publisher":{"@id":"https:\/\/showgetten.de\/#organization"},"potentialAction":[{"@type":"SearchAction","target":{"@type":"EntryPoint","urlTemplate":"https:\/\/showgetten.de\/?s={search_term_string}"},"query-input":{"@type":"PropertyValueSpecification","valueRequired":true,"valueName":"search_term_string"}}],"inLanguage":"de"},{"@type":"Organization","@id":"https:\/\/showgetten.de\/#organization","name":"Showgetten","url":"https:\/\/showgetten.de\/","logo":{"@type":"ImageObject","inLanguage":"de","@id":"https:\/\/showgetten.de\/#\/schema\/logo\/image\/","url":"","contentUrl":"","caption":"Showgetten"},"image":{"@id":"https:\/\/showgetten.de\/#\/schema\/logo\/image\/"}}]}},"_links":{"self":[{"href":"https:\/\/showgetten.de\/index.php?rest_route=\/wp\/v2\/pages\/33","targetHints":{"allow":["GET"]}}],"collection":[{"href":"https:\/\/showgetten.de\/index.php?rest_route=\/wp\/v2\/pages"}],"about":[{"href":"https:\/\/showgetten.de\/index.php?rest_route=\/wp\/v2\/types\/page"}],"author":[{"embeddable":true,"href":"https:\/\/showgetten.de\/index.php?rest_route=\/wp\/v2\/users\/1"}],"replies":[{"embeddable":true,"href":"https:\/\/showgetten.de\/index.php?rest_route=%2Fwp%2Fv2%2Fcomments&post=33"}],"version-history":[{"count":25,"href":"https:\/\/showgetten.de\/index.php?rest_route=\/wp\/v2\/pages\/33\/revisions"}],"predecessor-version":[{"id":202,"href":"https:\/\/showgetten.de\/index.php?rest_route=\/wp\/v2\/pages\/33\/revisions\/202"}],"wp:attachment":[{"href":"https:\/\/showgetten.de\/index.php?rest_route=%2Fwp%2Fv2%2Fmedia&parent=33"}],"curies":[{"name":"wp","href":"https:\/\/api.w.org\/{rel}","templated":true}]}}